{"id":125,"date":"2017-11-30T18:11:59","date_gmt":"2017-11-30T18:11:59","guid":{"rendered":"http:\/\/c-w-stolte.de\/?page_id=125"},"modified":"2023-01-18T12:13:44","modified_gmt":"2023-01-18T11:13:44","slug":"impressum","status":"publish","type":"page","link":"https:\/\/c-w-stolte.de\/en\/impressum","title":{"rendered":"Impressum"},"content":{"rendered":"<h2><span style=\"font-family: 'Times New Roman', serif; font-size: 12pt;\"><span style=\"color: #ff8e38;\"><span style=\"font-family: Calibri, serif;\">Impressum<\/span><\/span><\/span><\/h2>\n<p><span style=\"font-family: 'Times New Roman', serif; font-size: 12pt;\"><span style=\"color: #666666;\"><span style=\"font-family: Calibri, serif;\">Offene Kommunikation und Transparenz sind f\u00fcr uns selbstverst\u00e4ndlich. Alle wichtigen<\/span><\/span><\/span><\/p>\n<p><span style=\"font-family: 'Times New Roman', serif; font-size: 12pt;\"><span style=\"color: #666666;\"><span style=\"font-family: Calibri, serif;\">Informationen \u00fcber\u00a0<\/span><\/span><span style=\"color: #ff8e38;\"><span style=\"font-family: Calibri, serif;\">C.W. Stolte GmbH &amp; Co. KG\u00a0<\/span><\/span><span style=\"color: #666666;\"><span style=\"font-family: Calibri, serif;\">\u00a0und wie Sie mit uns Kontakt aufnehmen k\u00f6nnen finden Sie hier.<\/span><\/span><\/span><\/p>\n<p><span style=\"font-family: 'Times New Roman', serif; font-size: 12pt;\"><span style=\"color: #ff8e38;\"><span style=\"font-family: Calibri, serif;\"><span lang=\"en-US\">C.W. Stolte GmbH &amp; Co. KG<\/span><\/span><\/span><\/span><\/p>\n<p><span style=\"font-family: 'Times New Roman', serif; font-size: 12pt;\"><span style=\"color: #666666;\"><span style=\"font-family: Calibri, serif;\">K\u00f6nigstrasse 156 B<\/span><\/span><\/span><\/p>\n<p><span style=\"font-family: 'Times New Roman', serif; font-size: 12pt;\"><span style=\"color: #666666;\"><span style=\"font-family: Calibri, serif;\">D-42853 Remscheid \/ Germany<\/span><\/span><\/span><\/p>\n<p><span style=\"font-family: 'Times New Roman', serif; font-size: 12pt;\"><span style=\"color: #666666;\"><span style=\"font-family: Calibri, serif;\"><span lang=\"en-US\">Tel.: 0049-2191-292039<\/span><\/span><\/span><\/span><\/p>\n<p><span style=\"font-family: 'Times New Roman', serif; font-size: 12pt;\"><span style=\"color: #666666;\"><span style=\"font-family: Calibri, serif;\"><span lang=\"en-US\">Fax: 0049-2191-27248<\/span><\/span><\/span><\/span><\/p>\n<p><span style=\"font-family: 'Times New Roman', serif; font-size: 12pt;\"><span style=\"color: #666666;\"><span style=\"font-family: Calibri, serif;\"><span lang=\"en-US\">email:\u00a0<\/span><\/span><\/span><a href=\"mailto:info@c-w-stolte.de\"><span style=\"font-family: Calibri, serif;\"><span lang=\"en-US\">info@c-w-stolte.de<\/span><\/span><\/a><\/span><\/p>\n<p><span style=\"font-family: 'Times New Roman', serif; font-size: 12pt;\"><span style=\"color: #666666;\"><span style=\"font-family: Calibri, serif;\"><span lang=\"en-US\">web:\u00a0 <\/span><\/span><\/span><a href=\"https:\/\/c-w-stolte.de\/en\/\"><span style=\"font-family: Calibri, serif;\"><span lang=\"en-US\">www.c-w-stolte.de<\/span><\/span><\/a><\/span><\/p>\n<p><span style=\"font-family: 'Times New Roman', serif; font-size: 12pt;\"><span style=\"color: #ff8e38;\"><span style=\"font-family: Calibri, serif;\">Inhaber<\/span><\/span><\/span><\/p>\n<p><span style=\"font-family: 'Times New Roman', serif; font-size: 12pt;\"><span style=\"color: #666666;\"><span style=\"font-family: Calibri, serif;\">A.D. Meister<\/span><\/span><\/span><\/p>\n<p><span style=\"font-family: 'Times New Roman', serif; font-size: 12pt;\"><span style=\"color: #ff8e38;\"><span style=\"font-family: Calibri, serif;\">Haftungshinweis<\/span><\/span><\/span><\/p>\n<p><span style=\"font-family: 'Times New Roman', serif; font-size: 12pt;\"><span style=\"color: #666666;\"><span style=\"font-family: Calibri, serif;\">Die Inhalte dieser Webseite dienen der allgemeinen Information \u00fcber die Produkte unseres Unternehmens. Obwohl wir die Inhalte genauestens auf Richtigkeit pr\u00fcfen,\u00a0<\/span><\/span><\/span><span style=\"font-family: 'Times New Roman', serif; font-size: 12pt;\"><span style=\"color: #666666;\"><span style=\"font-family: Calibri, serif;\">k\u00f6nnen wir nicht jeden Fehler ausschlie\u00dfen. Daher \u00fcbernehmen wir keine Gew\u00e4hr\u00a0<\/span><\/span><\/span><span style=\"font-family: 'Times New Roman', serif; font-size: 12pt;\"><span style=\"color: #666666;\"><span style=\"font-family: Calibri, serif;\">f\u00fcr ihre Richtigkeit und Vollst\u00e4ndigkeit. <\/span><\/span><\/span><\/p>\n<p><span style=\"font-family: 'Times New Roman', serif; font-size: 12pt;\"><span style=\"color: #666666;\"><span style=\"font-family: Calibri, serif;\">Grafik, Layout und Texte dieser Seite sind urheberrechtlich gesch\u00fctzt. Auf Anfrage pr\u00fcfen wir gerne die M\u00f6glichkeit einer Genehmigung zur Weiterverwendung.<\/span><\/span><\/span><\/p>\n<p><span style=\"font-family: 'Times New Roman', serif; font-size: 12pt;\"><span style=\"color: #666666;\"><span style=\"font-family: Calibri, serif;\">Trotz sorgf\u00e4ltiger inhaltlicher Kontrolle \u00fcbernehmen wir keine Haftung f\u00fcr die Inhalte externer Links. F\u00fcr den Inhalt der verlinkten Seiten sind ausschlie\u00dflich deren Betreiber verantwortlich.<\/span><\/span><\/span><\/p>\n<p><span style=\"font-family: 'Times New Roman', serif; font-size: 12pt;\"><span style=\"color: #ff8e38;\"><span style=\"font-family: Calibri, serif;\">Handelsregister<\/span><\/span><\/span><\/p>\n<p><span style=\"font-family: 'Times New Roman', serif; font-size: 12pt;\"><span style=\"color: #666666;\"><span style=\"font-family: Calibri, serif;\">HRB 11079<\/span><\/span><\/span><\/p>\n<p><span style=\"font-family: 'Times New Roman', serif; font-size: 12pt;\"><span style=\"color: #ff8e38;\"><span style=\"font-family: Calibri, serif;\">Registergericht<\/span><\/span><\/span><\/p>\n<p><span style=\"font-family: 'Times New Roman', serif; font-size: 12pt;\"><span style=\"color: #666666;\"><span style=\"font-family: Calibri, serif;\">Registergericht Wuppertal<\/span><\/span><\/span><\/p>\n<p><span style=\"font-family: 'Times New Roman', serif; font-size: 12pt;\"><span style=\"color: #ff8e38;\"><span style=\"font-family: Calibri, serif;\">Umsatzsteueridentifikationsnummer<\/span><\/span><\/span><\/p>\n<p><a name=\"_GoBack\"><\/a><span style=\"font-family: 'Times New Roman', serif; font-size: 12pt;\"> <span style=\"color: #666666;\"><span style=\"font-family: Calibri, serif;\">DE 120813904<\/span><\/span><\/span><\/p>\n<p><a href=\"https:\/\/www.productpicture.de\/\">Produktfotografie<\/a> von <a href=\"https:\/\/www.productpicture.de\/hollowman\/\">productpicture<\/a><\/p>","protected":false},"excerpt":{"rendered":"<p>Impressum Offene Kommunikation und Transparenz sind f\u00fcr uns selbstverst\u00e4ndlich. Alle wichtigen Informationen \u00fcber\u00a0C.W. Stolte GmbH &amp; Co. KG\u00a0\u00a0und wie Sie mit uns Kontakt aufnehmen k\u00f6nnen finden<span class=\"excerpt-hellip\"> [\u2026]<\/span><\/p>","protected":false},"author":1,"featured_media":0,"parent":0,"menu_order":0,"comment_status":"closed","ping_status":"closed","template":"","meta":{"footnotes":""},"_links":{"self":[{"href":"https:\/\/c-w-stolte.de\/en\/wp-json\/wp\/v2\/pages\/125"}],"collection":[{"href":"https:\/\/c-w-stolte.de\/en\/wp-json\/wp\/v2\/pages"}],"about":[{"href":"https:\/\/c-w-stolte.de\/en\/wp-json\/wp\/v2\/types\/page"}],"author":[{"embeddable":true,"href":"https:\/\/c-w-stolte.de\/en\/wp-json\/wp\/v2\/users\/1"}],"replies":[{"embeddable":true,"href":"https:\/\/c-w-stolte.de\/en\/wp-json\/wp\/v2\/comments?post=125"}],"version-history":[{"count":4,"href":"https:\/\/c-w-stolte.de\/en\/wp-json\/wp\/v2\/pages\/125\/revisions"}],"predecessor-version":[{"id":419,"href":"https:\/\/c-w-stolte.de\/en\/wp-json\/wp\/v2\/pages\/125\/revisions\/419"}],"wp:attachment":[{"href":"https:\/\/c-w-stolte.de\/en\/wp-json\/wp\/v2\/media?parent=125"}],"curies":[{"name":"wp","href":"https:\/\/api.w.org\/{rel}","templated":true}]}}