{"id":147,"date":"2017-12-08T20:45:33","date_gmt":"2017-12-08T20:45:33","guid":{"rendered":"http:\/\/c-w-stolte.de\/?page_id=147"},"modified":"2017-12-09T17:49:03","modified_gmt":"2017-12-09T17:49:03","slug":"schlagstempel","status":"publish","type":"page","link":"https:\/\/c-w-stolte.de\/en\/produktkennzeichnung\/schlagstempel","title":{"rendered":"Schlagstempel"},"content":{"rendered":"<div class=\"vc_row wpb_row vc_row-fluid\"><div class=\"wpb_column vc_column_container vc_col-sm-6\"><div class=\"vc_column-inner\"><div class=\"wpb_wrapper\">\n\t<div  class=\"wpb_single_image wpb_content_element vc_align_left\">\n\t\t\n\t\t<figure class=\"wpb_wrapper vc_figure\">\n\t\t\t<div class=\"vc_single_image-wrapper   vc_box_border_grey\"><img loading=\"lazy\" decoding=\"async\" width=\"1024\" height=\"683\" src=\"https:\/\/c-w-stolte.de\/wp-content\/uploads\/2017\/12\/4-1-1024x683.png\" class=\"vc_single_image-img attachment-large\" alt=\"\" title=\"4-1\" srcset=\"https:\/\/c-w-stolte.de\/wp-content\/uploads\/2017\/12\/4-1-1024x683.png 1024w, https:\/\/c-w-stolte.de\/wp-content\/uploads\/2017\/12\/4-1-300x200.png 300w, https:\/\/c-w-stolte.de\/wp-content\/uploads\/2017\/12\/4-1-768x512.png 768w, https:\/\/c-w-stolte.de\/wp-content\/uploads\/2017\/12\/4-1-219x146.png 219w, https:\/\/c-w-stolte.de\/wp-content\/uploads\/2017\/12\/4-1-50x33.png 50w, https:\/\/c-w-stolte.de\/wp-content\/uploads\/2017\/12\/4-1-113x75.png 113w\" sizes=\"(max-width: 1024px) 100vw, 1024px\" \/><\/div>\n\t\t<\/figure>\n\t<\/div>\n<\/div><\/div><\/div><div class=\"wpb_column vc_column_container vc_col-sm-6\"><div class=\"vc_column-inner\"><div class=\"wpb_wrapper\"><div class=\"vc_row wpb_row vc_inner vc_row-fluid\"><div class=\"wpb_column vc_column_container vc_col-sm-6\"><div class=\"vc_column-inner\"><div class=\"wpb_wrapper\">\n\t<div class=\"wpb_text_column wpb_content_element\" >\n\t\t<div class=\"wpb_wrapper\">\n\t\t\t<h4><span style=\"color: #ff6600;\"><b>Schlagstempels\u00e4tze<\/b><\/span><\/h4>\n<ul>\n<li>Gefertigt aus hochqualitativen Materialien<\/li>\n<li>Zahlensatz = 9 St\u00fcck<\/li>\n<li>Buchstabensatz = 27 St.<\/li>\n<li>Geh\u00e4rtet nach DIN 7353<\/li>\n<li>Schlagkopfverg\u00fctung<\/li>\n<li>scharf und fl\u00e4chig graviert, punktiert, radiengraviert, radienpunktiert und mit Tiefenbegrenzung<\/li>\n<li>Projizierte Gravuroberfl\u00e4chen m\u00f6glich ( Polylinien )<\/li>\n<\/ul>\n\n\t\t<\/div>\n\t<\/div>\n<\/div><\/div><\/div><div class=\"wpb_column vc_column_container vc_col-sm-6\"><div class=\"vc_column-inner\"><div class=\"wpb_wrapper\"><div class=\"vc_empty_space\"   style=\"height: 10px\"><span class=\"vc_empty_space_inner\"><\/span><\/div>\n\t<div class=\"wpb_text_column wpb_content_element\" >\n\t\t<div class=\"wpb_wrapper\">\n\t\t\t<p><strong>Einsatzgebiete:<\/strong><\/p>\n<ul>\n<li>St\u00e4hle bis 1500 N\/mm\u00b2<\/li>\n<li>alle Buntmetalle<\/li>\n<li>Stahlwerke, Gie\u00dfereien, Metallverarbeitung, Rohre, Verbindungstechnik Maschinenbau, Werkzeugbau<\/li>\n<\/ul>\n\n\t\t<\/div>\n\t<\/div>\n<\/div><\/div><\/div><\/div><\/div><\/div><\/div><\/div><div class=\"vc_row wpb_row vc_row-fluid\"><div class=\"wpb_column vc_column_container vc_col-sm-12\"><div class=\"vc_column-inner\"><div class=\"wpb_wrapper\"><div class=\"vc_separator wpb_content_element vc_separator_align_center vc_sep_width_100 vc_sep_pos_align_center vc_separator_no_text vc_sep_color_grey\" ><span class=\"vc_sep_holder vc_sep_holder_l\"><span  class=\"vc_sep_line\"><\/span><\/span><span class=\"vc_sep_holder vc_sep_holder_r\"><span  class=\"vc_sep_line\"><\/span><\/span>\n<\/div><\/div><\/div><\/div><\/div><div class=\"vc_row wpb_row vc_row-fluid\"><div class=\"wpb_column vc_column_container vc_col-sm-6\"><div class=\"vc_column-inner\"><div class=\"wpb_wrapper\">\n\t<div  class=\"wpb_single_image wpb_content_element vc_align_left\">\n\t\t\n\t\t<figure class=\"wpb_wrapper vc_figure\">\n\t\t\t<div class=\"vc_single_image-wrapper   vc_box_border_grey\"><img loading=\"lazy\" decoding=\"async\" width=\"1024\" height=\"683\" src=\"https:\/\/c-w-stolte.de\/wp-content\/uploads\/2017\/12\/IMG_0846-1024x683.png\" class=\"vc_single_image-img attachment-large\" alt=\"\" title=\"IMG_0846\" srcset=\"https:\/\/c-w-stolte.de\/wp-content\/uploads\/2017\/12\/IMG_0846-1024x683.png 1024w, https:\/\/c-w-stolte.de\/wp-content\/uploads\/2017\/12\/IMG_0846-300x200.png 300w, https:\/\/c-w-stolte.de\/wp-content\/uploads\/2017\/12\/IMG_0846-768x512.png 768w, https:\/\/c-w-stolte.de\/wp-content\/uploads\/2017\/12\/IMG_0846-219x146.png 219w, https:\/\/c-w-stolte.de\/wp-content\/uploads\/2017\/12\/IMG_0846-50x33.png 50w, https:\/\/c-w-stolte.de\/wp-content\/uploads\/2017\/12\/IMG_0846-113x75.png 113w\" sizes=\"(max-width: 1024px) 100vw, 1024px\" \/><\/div>\n\t\t<\/figure>\n\t<\/div>\n<\/div><\/div><\/div><div class=\"wpb_column vc_column_container vc_col-sm-6\"><div class=\"vc_column-inner\"><div class=\"wpb_wrapper\"><div class=\"vc_row wpb_row vc_inner vc_row-fluid\"><div class=\"wpb_column vc_column_container vc_col-sm-6\"><div class=\"vc_column-inner\"><div class=\"wpb_wrapper\">\n\t<div class=\"wpb_text_column wpb_content_element\" >\n\t\t<div class=\"wpb_wrapper\">\n\t\t\t<p>.<\/p>\n<h4><span style=\"color: #ff6600;\"><strong>Schweisser- und Kontrollstempel<\/strong><\/span><\/h4>\n<h4><span style=\"color: #ff6600;\"><strong>Abnahmestempel<\/strong><\/span><\/h4>\n<ul>\n<li>Gefertigt aus hochqualitativen Materialien<\/li>\n<li>Geh\u00e4rtet nach DIN 7353<\/li>\n<li>Schlagkopfverg\u00fctung<\/li>\n<li>Lieferzustand wahlweise mit schwarzem Speziallack, gesandstrahlt oder chem. vernickelt<\/li>\n<li>Schwei\u00dferkontrollstempel<\/li>\n<li>Stempel mit allen Arten von Logos<\/li>\n<li>In den Ausf\u00fchrungen scharf und fl\u00e4chig graviert, punktiert, radiengraviert, radienpunktiert und mit Tiefenbegrenzung<\/li>\n<li>Projizierte Gravuroberfl\u00e4chen m\u00f6glich<\/li>\n<\/ul>\n\n\t\t<\/div>\n\t<\/div>\n<\/div><\/div><\/div><div class=\"wpb_column vc_column_container vc_col-sm-6\"><div class=\"vc_column-inner\"><div class=\"wpb_wrapper\"><div class=\"vc_empty_space\"   style=\"height: 120px\"><span class=\"vc_empty_space_inner\"><\/span><\/div>\n\t<div class=\"wpb_text_column wpb_content_element\" >\n\t\t<div class=\"wpb_wrapper\">\n\t\t\t<p><strong>Einsatzgebiete:<\/strong><\/p>\n<ul>\n<li>St\u00e4hle bis 1500 N\/mm\u00b2<\/li>\n<li>alle Buntmetalle<\/li>\n<li>Stahlwerke, Gie\u00dfereien, Metallverarbeitung, Rohre, Verbindungstechnik Maschinenbau, Werkzeugbau<\/li>\n<\/ul>\n\n\t\t<\/div>\n\t<\/div>\n<\/div><\/div><\/div><\/div><\/div><\/div><\/div><\/div><div class=\"vc_row wpb_row vc_row-fluid\"><div class=\"wpb_column vc_column_container vc_col-sm-12\"><div class=\"vc_column-inner\"><div class=\"wpb_wrapper\"><div class=\"vc_separator wpb_content_element vc_separator_align_center vc_sep_width_100 vc_sep_pos_align_center vc_separator_no_text vc_sep_color_grey\" ><span class=\"vc_sep_holder vc_sep_holder_l\"><span  class=\"vc_sep_line\"><\/span><\/span><span class=\"vc_sep_holder vc_sep_holder_r\"><span  class=\"vc_sep_line\"><\/span><\/span>\n<\/div><\/div><\/div><\/div><\/div><div class=\"vc_row wpb_row vc_row-fluid\"><div class=\"wpb_column vc_column_container vc_col-sm-6\"><div class=\"vc_column-inner\"><div class=\"wpb_wrapper\">\n\t<div  class=\"wpb_single_image wpb_content_element vc_align_left\">\n\t\t\n\t\t<figure class=\"wpb_wrapper vc_figure\">\n\t\t\t<div class=\"vc_single_image-wrapper   vc_box_border_grey\"><img loading=\"lazy\" decoding=\"async\" width=\"1024\" height=\"683\" src=\"https:\/\/c-w-stolte.de\/wp-content\/uploads\/2017\/12\/19-3-1024x683.png\" class=\"vc_single_image-img attachment-large\" alt=\"\" title=\"19-3\" srcset=\"https:\/\/c-w-stolte.de\/wp-content\/uploads\/2017\/12\/19-3-1024x683.png 1024w, https:\/\/c-w-stolte.de\/wp-content\/uploads\/2017\/12\/19-3-300x200.png 300w, https:\/\/c-w-stolte.de\/wp-content\/uploads\/2017\/12\/19-3-768x512.png 768w, https:\/\/c-w-stolte.de\/wp-content\/uploads\/2017\/12\/19-3-219x146.png 219w, https:\/\/c-w-stolte.de\/wp-content\/uploads\/2017\/12\/19-3-50x33.png 50w, https:\/\/c-w-stolte.de\/wp-content\/uploads\/2017\/12\/19-3-113x75.png 113w\" sizes=\"(max-width: 1024px) 100vw, 1024px\" \/><\/div>\n\t\t<\/figure>\n\t<\/div>\n<\/div><\/div><\/div><div class=\"wpb_column vc_column_container vc_col-sm-6\"><div class=\"vc_column-inner\"><div class=\"wpb_wrapper\"><div class=\"vc_row wpb_row vc_inner vc_row-fluid\"><div class=\"wpb_column vc_column_container vc_col-sm-6\"><div class=\"vc_column-inner\"><div class=\"wpb_wrapper\">\n\t<div class=\"wpb_text_column wpb_content_element\" >\n\t\t<div class=\"wpb_wrapper\">\n\t\t\t<h4><span style=\"color: #ff6600; font-family: georgia, palatino, serif;\"><b>Handstempel mit Logo<\/b><\/span><\/h4>\n<ul>\n<li>Gefertigt aus hochqualitativen Materialien<\/li>\n<li>Geh\u00e4rtet nach DIN 7353<\/li>\n<li>Schlagkopfverg\u00fctung<\/li>\n<li>scharf und fl\u00e4chig graviert, punktiert, radiengraviert, radienpunktiert und mit Tiefenbegrenzung<\/li>\n<li>Projizierte Gravuroberfl\u00e4chen m\u00f6glich ( Polylinien )<\/li>\n<li>Durch unser CAD \u2013 CAM System k\u00f6nnen wir alle darstell- und gravierbaren Zeichen und Logo\u2019s produzieren !<\/li>\n<\/ul>\n\n\t\t<\/div>\n\t<\/div>\n<\/div><\/div><\/div><div class=\"wpb_column vc_column_container vc_col-sm-6\"><div class=\"vc_column-inner\"><div class=\"wpb_wrapper\"><div class=\"vc_empty_space\"   style=\"height: 30px\"><span class=\"vc_empty_space_inner\"><\/span><\/div>\n\t<div class=\"wpb_text_column wpb_content_element\" >\n\t\t<div class=\"wpb_wrapper\">\n\t\t\t<p><strong>Einsatzgebiete:<\/strong><\/p>\n<ul>\n<li>St\u00e4hle bis 1500 N\/mm\u00b2<\/li>\n<li>alle Buntmetalle<\/li>\n<li>Stahlwerke, Gie\u00dfereien, Metallverarbeitung, Rohre, Verbindungstechnik Maschinenbau, Werkzeugbau<\/li>\n<\/ul>\n\n\t\t<\/div>\n\t<\/div>\n<\/div><\/div><\/div><\/div><\/div><\/div><\/div><\/div><div class=\"vc_row wpb_row vc_row-fluid\"><div class=\"wpb_column vc_column_container vc_col-sm-12\"><div class=\"vc_column-inner\"><div class=\"wpb_wrapper\"><div class=\"vc_separator wpb_content_element vc_separator_align_center vc_sep_width_100 vc_sep_pos_align_center vc_separator_no_text vc_sep_color_grey\" ><span class=\"vc_sep_holder vc_sep_holder_l\"><span  class=\"vc_sep_line\"><\/span><\/span><span class=\"vc_sep_holder vc_sep_holder_r\"><span  class=\"vc_sep_line\"><\/span><\/span>\n<\/div><\/div><\/div><\/div><\/div><div class=\"vc_row wpb_row vc_row-fluid\"><div class=\"wpb_column vc_column_container vc_col-sm-6\"><div class=\"vc_column-inner\"><div class=\"wpb_wrapper\">\n\t<div  class=\"wpb_single_image wpb_content_element vc_align_left\">\n\t\t\n\t\t<figure class=\"wpb_wrapper vc_figure\">\n\t\t\t<div class=\"vc_single_image-wrapper   vc_box_border_grey\"><img loading=\"lazy\" decoding=\"async\" width=\"1024\" height=\"683\" src=\"https:\/\/c-w-stolte.de\/wp-content\/uploads\/2017\/12\/14-1-1024x683.png\" class=\"vc_single_image-img attachment-large\" alt=\"\" title=\"14-1\" srcset=\"https:\/\/c-w-stolte.de\/wp-content\/uploads\/2017\/12\/14-1-1024x683.png 1024w, https:\/\/c-w-stolte.de\/wp-content\/uploads\/2017\/12\/14-1-300x200.png 300w, https:\/\/c-w-stolte.de\/wp-content\/uploads\/2017\/12\/14-1-768x512.png 768w, https:\/\/c-w-stolte.de\/wp-content\/uploads\/2017\/12\/14-1-219x146.png 219w, https:\/\/c-w-stolte.de\/wp-content\/uploads\/2017\/12\/14-1-50x33.png 50w, https:\/\/c-w-stolte.de\/wp-content\/uploads\/2017\/12\/14-1-113x75.png 113w\" sizes=\"(max-width: 1024px) 100vw, 1024px\" \/><\/div>\n\t\t<\/figure>\n\t<\/div>\n<\/div><\/div><\/div><div class=\"wpb_column vc_column_container vc_col-sm-6\"><div class=\"vc_column-inner\"><div class=\"wpb_wrapper\"><div class=\"vc_row wpb_row vc_inner vc_row-fluid\"><div class=\"wpb_column vc_column_container vc_col-sm-12\"><div class=\"vc_column-inner\"><div class=\"wpb_wrapper\">\n\t<div class=\"wpb_text_column wpb_content_element\" >\n\t\t<div class=\"wpb_wrapper\">\n\t\t\t<h4><span style=\"color: #ff6600; font-family: georgia, palatino, serif;\"><strong>Maschinenstempel<\/strong><\/span><\/h4>\n<ul>\n<li>Fertigung in allen g\u00e4ngigen Materialien<\/li>\n<li>Komplettfertigung auch kompliziertester Stempelrohlinge durch modernen Maschinenpark<\/li>\n<li>Alle Arten von Stempelrollen, Stempelsegmenten, Geb\u00e4ckrollen, Schneidrollen<\/li>\n<li>CNC- Gravier-, Fr\u00e4s- und Drehmaschinen<\/li>\n<li>CNC gesteuerte Drahterodiermaschinen und Senkerodiermaschinen<\/li>\n<li>W\u00e4rmebehandlung bis 1200\u00b0 C<\/li>\n<li>Rohlingsfertigung als Lohnarbeit m\u00f6glich<\/li>\n<li>Aufgrund modernster CAD\/CAM \u2013 Technologie k\u00f6nnen Gravurdaten auf geometrisch definierbare Oberfl\u00e4chen projiziert werden (Hohlgravuren, Polylinien, Polygone etc.)<\/li>\n<li>Reliefgravuren f\u00fcr M\u00fcnzpr\u00e4gest\u00f6cke oder Orden<\/li>\n<li>Elektrodenbau<\/li>\n<li>Doppelpr\u00e4gestempel zu erhabenen Pr\u00e4gung von Blechen oder Verpackungen<\/li>\n<\/ul>\n\n\t\t<\/div>\n\t<\/div>\n<\/div><\/div><\/div><\/div><\/div><\/div><\/div><\/div><div class=\"vc_row wpb_row vc_row-fluid\"><div class=\"wpb_column vc_column_container vc_col-sm-12\"><div class=\"vc_column-inner\"><div class=\"wpb_wrapper\"><div class=\"vc_separator wpb_content_element vc_separator_align_center vc_sep_width_100 vc_sep_pos_align_center vc_separator_no_text vc_sep_color_grey\" ><span class=\"vc_sep_holder vc_sep_holder_l\"><span  class=\"vc_sep_line\"><\/span><\/span><span class=\"vc_sep_holder vc_sep_holder_r\"><span  class=\"vc_sep_line\"><\/span><\/span>\n<\/div><\/div><\/div><\/div><\/div><div class=\"vc_row wpb_row vc_row-fluid\"><div class=\"wpb_column vc_column_container vc_col-sm-6\"><div class=\"vc_column-inner\"><div class=\"wpb_wrapper\">\n\t<div  class=\"wpb_single_image wpb_content_element vc_align_left\">\n\t\t\n\t\t<figure class=\"wpb_wrapper vc_figure\">\n\t\t\t<div class=\"vc_single_image-wrapper   vc_box_border_grey\"><img loading=\"lazy\" decoding=\"async\" width=\"1024\" height=\"683\" src=\"https:\/\/c-w-stolte.de\/wp-content\/uploads\/2017\/12\/12-4-1024x683.png\" class=\"vc_single_image-img attachment-large\" alt=\"\" title=\"12-4\" srcset=\"https:\/\/c-w-stolte.de\/wp-content\/uploads\/2017\/12\/12-4-1024x683.png 1024w, https:\/\/c-w-stolte.de\/wp-content\/uploads\/2017\/12\/12-4-300x200.png 300w, https:\/\/c-w-stolte.de\/wp-content\/uploads\/2017\/12\/12-4-768x512.png 768w, https:\/\/c-w-stolte.de\/wp-content\/uploads\/2017\/12\/12-4-219x146.png 219w, https:\/\/c-w-stolte.de\/wp-content\/uploads\/2017\/12\/12-4-50x33.png 50w, https:\/\/c-w-stolte.de\/wp-content\/uploads\/2017\/12\/12-4-113x75.png 113w\" sizes=\"(max-width: 1024px) 100vw, 1024px\" \/><\/div>\n\t\t<\/figure>\n\t<\/div>\n<\/div><\/div><\/div><div class=\"wpb_column vc_column_container vc_col-sm-6\"><div class=\"vc_column-inner\"><div class=\"wpb_wrapper\">\n\t<div class=\"wpb_text_column wpb_content_element\" >\n\t\t<div class=\"wpb_wrapper\">\n\t\t\t<h4><span style=\"color: #ff6600;\"><b>Schlagstempels\u00e4tze<\/b><\/span><\/h4>\n<ul>\n<li><\/li>\n<li>&#8222;ein Satz Schlagzahlen am St\u00fcck<\/li>\n<li>Praktisch und platzsparend<\/li>\n<li>Die Gravuren werden mittels CNC \u2013 gesteuerten Graviermaschinen produziert. Die Schlagr\u00e4der werden aus Werkzeugstahl 1.2510 gefertigt<\/li>\n<li>geh\u00e4rtet und mit einer Schlagkopfverg\u00fctung versehen<br \/>\nMit gravierten Sichtzahlen<br \/>\nDurchmesser:\u00a078 mm<br \/>\nSchrifth\u00f6hen von 2 \u2013 10 mm<br \/>\nAusf\u00fchrung chemisch vernickelt<br \/>\nZahlen 0-9 = 1 Rad ; Buchstabensatz\u00a0A-Z = 3 R\u00e4der<\/li>\n<li>Schlagkopfverg\u00fctung<\/li>\n<li>Verwendung mit Stiel ebenfalls m\u00f6glich<\/li>\n<\/ul>\n\n\t\t<\/div>\n\t<\/div>\n<\/div><\/div><\/div><\/div><div class=\"vc_row wpb_row vc_row-fluid\"><div class=\"wpb_column vc_column_container vc_col-sm-12\"><div class=\"vc_column-inner\"><div class=\"wpb_wrapper\"><div class=\"vc_separator wpb_content_element vc_separator_align_center vc_sep_width_100 vc_sep_pos_align_center vc_separator_no_text vc_sep_color_grey\" ><span class=\"vc_sep_holder vc_sep_holder_l\"><span  class=\"vc_sep_line\"><\/span><\/span><span class=\"vc_sep_holder vc_sep_holder_r\"><span  class=\"vc_sep_line\"><\/span><\/span>\n<\/div><\/div><\/div><\/div><\/div><div class=\"vc_row wpb_row vc_row-fluid\"><div class=\"wpb_column vc_column_container vc_col-sm-6\"><div class=\"vc_column-inner\"><div class=\"wpb_wrapper\">\n\t<div  class=\"wpb_single_image wpb_content_element vc_align_left\">\n\t\t\n\t\t<figure class=\"wpb_wrapper vc_figure\">\n\t\t\t<div class=\"vc_single_image-wrapper   vc_box_border_grey\"><img loading=\"lazy\" decoding=\"async\" width=\"1024\" height=\"478\" src=\"https:\/\/c-w-stolte.de\/wp-content\/uploads\/2017\/12\/5117-1024x478.jpg\" class=\"vc_single_image-img attachment-large\" alt=\"\" title=\"5117\" srcset=\"https:\/\/c-w-stolte.de\/wp-content\/uploads\/2017\/12\/5117-1024x478.jpg 1024w, https:\/\/c-w-stolte.de\/wp-content\/uploads\/2017\/12\/5117-300x140.jpg 300w, https:\/\/c-w-stolte.de\/wp-content\/uploads\/2017\/12\/5117-768x359.jpg 768w, https:\/\/c-w-stolte.de\/wp-content\/uploads\/2017\/12\/5117-260x121.jpg 260w, https:\/\/c-w-stolte.de\/wp-content\/uploads\/2017\/12\/5117-50x23.jpg 50w, https:\/\/c-w-stolte.de\/wp-content\/uploads\/2017\/12\/5117-150x70.jpg 150w, https:\/\/c-w-stolte.de\/wp-content\/uploads\/2017\/12\/5117.jpg 1700w\" sizes=\"(max-width: 1024px) 100vw, 1024px\" \/><\/div>\n\t\t<\/figure>\n\t<\/div>\n<\/div><\/div><\/div><div class=\"wpb_column vc_column_container vc_col-sm-6\"><div class=\"vc_column-inner\"><div class=\"wpb_wrapper\">\n\t<div class=\"wpb_text_column wpb_content_element\" >\n\t\t<div class=\"wpb_wrapper\">\n\t\t\t<h4><span style=\"color: #ff6600;\"><strong>Messingstempel<\/strong><\/span><\/h4>\n<ul>\n<li>Messingstempel aller Art f\u00fcr Kalt und Warmpr\u00e4gungen<\/li>\n<li>Golddruckstempel f\u00fcr Lederpr\u00e4gungen<\/li>\n<li>Messingstempel f\u00fcr Ton oder Keramik<\/li>\n<li>Siegelstempel und Petschafte<\/li>\n<li>Blindpr\u00e4gestempel f\u00fcr Druckereien<\/li>\n<\/ul>\n\n\t\t<\/div>\n\t<\/div>\n<\/div><\/div><\/div><\/div><div class=\"vc_row wpb_row vc_row-fluid\"><div class=\"wpb_column vc_column_container vc_col-sm-12\"><div class=\"vc_column-inner\"><div class=\"wpb_wrapper\"><div class=\"vc_separator wpb_content_element vc_separator_align_center vc_sep_width_100 vc_sep_pos_align_center vc_separator_no_text vc_sep_color_grey\" ><span class=\"vc_sep_holder vc_sep_holder_l\"><span  class=\"vc_sep_line\"><\/span><\/span><span class=\"vc_sep_holder vc_sep_holder_r\"><span  class=\"vc_sep_line\"><\/span><\/span>\n<\/div><\/div><\/div><\/div><\/div><div class=\"vc_row wpb_row vc_row-fluid\"><div class=\"wpb_column vc_column_container vc_col-sm-6\"><div class=\"vc_column-inner\"><div class=\"wpb_wrapper\">\n\t<div  class=\"wpb_single_image wpb_content_element vc_align_left\">\n\t\t\n\t\t<figure class=\"wpb_wrapper vc_figure\">\n\t\t\t<div class=\"vc_single_image-wrapper   vc_box_border_grey\"><img loading=\"lazy\" decoding=\"async\" class=\"vc_single_image-img\" src=\"https:\/\/c-w-stolte.de\/wp-content\/uploads\/2017\/12\/Brennstempel_2-2.jpg\" width=\"331\" height=\"331\" alt=\"Brennstempel_2-2\" title=\"Brennstempel_2-2\" \/><\/div>\n\t\t<\/figure>\n\t<\/div>\n<\/div><\/div><\/div><div class=\"wpb_column vc_column_container vc_col-sm-6\"><div class=\"vc_column-inner\"><div class=\"wpb_wrapper\"><div class=\"vc_row wpb_row vc_inner vc_row-fluid\"><div class=\"wpb_column vc_column_container vc_col-sm-6\"><div class=\"vc_column-inner\"><div class=\"wpb_wrapper\">\n\t<div class=\"wpb_text_column wpb_content_element\" >\n\t\t<div class=\"wpb_wrapper\">\n\t\t\t<h4><span style=\"color: #ff6600;\"><strong>Brennstempel<\/strong><\/span><\/h4>\n<ul>\n<li>Ideal zur Kennzeichnung von Holz, Leder, Pappe, Kunststoff<\/li>\n<li>Heizelemente und Brennplatten leicht auswechselbar<\/li>\n<li>Temperatur einstellbar<\/li>\n<li>Da Hei\u00dfpatronen verwendet werden, entstehen kaum Zeitverluste durch<br \/>\nWiederaufhei\u00dfphasen<\/li>\n<li>Standardbetriebsspannung 230 V<\/li>\n<li>2 Gr\u00f6\u00dfen: 1) bis max. 100 mm x 80 mm<br \/>\n2) bis max. 70 mm x 50 mm<\/li>\n<li>Innerhalb der Arbeitsbereiche kann man alle m\u00f6glichen Formen von Brennstempeln<br \/>\nverwenden.<\/li>\n<li>Leistungsspektrum 500 W<\/li>\n<li>Texte und Logos sauberst CNC- graviert<\/li>\n<\/ul>\n<h3><\/h3>\n\n\t\t<\/div>\n\t<\/div>\n<\/div><\/div><\/div><div class=\"wpb_column vc_column_container vc_col-sm-6\"><div class=\"vc_column-inner\"><div class=\"wpb_wrapper\"><div class=\"vc_empty_space\"   style=\"height: 60px\"><span class=\"vc_empty_space_inner\"><\/span><\/div>\n\t<div class=\"wpb_text_column wpb_content_element\" >\n\t\t<div class=\"wpb_wrapper\">\n\t\t\t<p><strong>Brennplatten<\/strong><\/p>\n<ul>\n<li>Aus Messing oder Stahl<\/li>\n<li>Wir verwenden einen Stahl, der bis 800\u00b0C nicht entkohlt.<\/li>\n<li>Texte und Logos sauberst CNC- graviert<\/li>\n<li>Korrekturabzug kostenlos<\/li>\n<\/ul>\n\n\t\t<\/div>\n\t<\/div>\n<\/div><\/div><\/div><\/div><\/div><\/div><\/div><\/div>","protected":false},"excerpt":{"rendered":"Schlagstempels\u00e4tze Gefertigt aus hochqualitativen Materialien Zahlensatz = 9 St\u00fcck Buchstabensatz = 27 St. Geh\u00e4rtet nach DIN 7353 Schlagkopfverg\u00fctung scharf und fl\u00e4chig graviert, punktiert, radiengraviert, radienpunktiert und<span class=\"excerpt-hellip\"> [\u2026]<\/span>","protected":false},"author":1,"featured_media":0,"parent":41,"menu_order":0,"comment_status":"closed","ping_status":"closed","template":"","meta":{"footnotes":""},"_links":{"self":[{"href":"https:\/\/c-w-stolte.de\/en\/wp-json\/wp\/v2\/pages\/147"}],"collection":[{"href":"https:\/\/c-w-stolte.de\/en\/wp-json\/wp\/v2\/pages"}],"about":[{"href":"https:\/\/c-w-stolte.de\/en\/wp-json\/wp\/v2\/types\/page"}],"author":[{"embeddable":true,"href":"https:\/\/c-w-stolte.de\/en\/wp-json\/wp\/v2\/users\/1"}],"replies":[{"embeddable":true,"href":"https:\/\/c-w-stolte.de\/en\/wp-json\/wp\/v2\/comments?post=147"}],"version-history":[{"count":41,"href":"https:\/\/c-w-stolte.de\/en\/wp-json\/wp\/v2\/pages\/147\/revisions"}],"predecessor-version":[{"id":199,"href":"https:\/\/c-w-stolte.de\/en\/wp-json\/wp\/v2\/pages\/147\/revisions\/199"}],"up":[{"embeddable":true,"href":"https:\/\/c-w-stolte.de\/en\/wp-json\/wp\/v2\/pages\/41"}],"wp:attachment":[{"href":"https:\/\/c-w-stolte.de\/en\/wp-json\/wp\/v2\/media?parent=147"}],"curies":[{"name":"wp","href":"https:\/\/api.w.org\/{rel}","templated":true}]}}