{"id":37,"date":"2015-06-25T18:51:39","date_gmt":"2015-06-25T18:51:39","guid":{"rendered":"http:\/\/themes.muffingroup.com\/be\/agro\/?page_id=37"},"modified":"2018-01-01T19:33:23","modified_gmt":"2018-01-01T19:33:23","slug":"machines","status":"publish","type":"page","link":"https:\/\/c-w-stolte.de\/en\/machines","title":{"rendered":"Werkzeugs\u00e4tze"},"content":{"rendered":"<section class=\"vc_section\"><div class=\"vc_row wpb_row vc_row-fluid\"><div class=\"wpb_column vc_column_container vc_col-sm-12\"><div class=\"vc_column-inner\"><div class=\"wpb_wrapper\"><div class=\"vc_empty_space\"   style=\"height: 32px\"><span class=\"vc_empty_space_inner\"><\/span><\/div><\/div><\/div><\/div><\/div><div class=\"vc_row wpb_row vc_row-fluid\"><div class=\"wpb_column vc_column_container vc_col-sm-4\"><div class=\"vc_column-inner\"><div class=\"wpb_wrapper\">\n\t<div class=\"wpb_text_column wpb_content_element\" >\n\t\t<div class=\"wpb_wrapper\">\n\t\t\t<p align=\"JUSTIFY\"><span style=\"color: #f79646;\"><span style=\"font-family: Arial, serif;\"><b>Werkzeugs\u00e4tze und Werkzeugsortimente nach Kundenvorgaben<\/b><\/span><\/span><\/p>\n\n\t\t<\/div>\n\t<\/div>\n\n\t<div class=\"wpb_text_column wpb_content_element\" >\n\t\t<div class=\"wpb_wrapper\">\n\t\t\t<p align=\"JUSTIFY\"><span style=\"font-family: Arial, serif;\">Seit Jahrzehnten b\u00fcrgt der Name C.W. Stolte f\u00fcr die Realisierung individueller Kundenw\u00fcnsche. So sind wir nicht nur in der Lage, standardisierte Werkzeugs\u00e4tze in diversen Ausf\u00fchrungen und Werkzeugkategorien von namhaften Herstellern auszuliefern, eine besondere Expertise haben wir in der Zusammenstellung von Werkzeugsortimenten nach Vorgaben unserer Kunden erarbeitet.<\/span><\/p>\n<p align=\"JUSTIFY\"><span style=\"font-family: Arial, serif;\">Anwendungsorientierte L\u00f6sungen im Bereich Handwerk, Industrie, Werkst\u00e4tten, Maschinenbau, Kraftfahrzeugbau oder als Produktzubeh\u00f6r, unser Werkzeugprogramm deckt nahezu alle g\u00e4ngigen Werkzeuge f\u00fcr die verschiedensten Aufgabenbereiche ab und bietet nach Kundenwunsch optimierte\u00a0<\/span><span style=\"font-family: Arial, serif;\">Sonderanfertigungen.<\/span><\/p>\n\n\t\t<\/div>\n\t<\/div>\n<\/div><\/div><\/div><div class=\"wpb_column vc_column_container vc_col-sm-4\"><div class=\"vc_column-inner\"><div class=\"wpb_wrapper\">\n\t<div class=\"wpb_text_column wpb_content_element\" >\n\t\t<div class=\"wpb_wrapper\">\n\t\t\t<p align=\"JUSTIFY\"><span style=\"font-family: Arial, serif;\">Nach Ihren Vorgaben stellen wir Sortimente zusammen, die ganz nach Ihren Bed\u00fcrfnissen und Anforderungen in z.B. K\u00e4sten, Taschen, Koffern oder Kartons verpackt werden. Ob Werkzeuge, Spezialwerkzeuge, Signierwerkzeuge oder Gebrauchsg\u00fcter wie z.B. Warnwesten, Regenjacken oder Handschuhe, Ihre Ma\u00dfgabe ist unser Programm.<\/span><\/p>\n<p align=\"JUSTIFY\"><a name=\"_GoBack\"><\/a><\/p>\n<p align=\"JUSTIFY\"><span style=\"font-family: Arial, serif;\">Als langj\u00e4hriger Lieferant und fester Partner namhafter Hersteller aus den Branchen Automobil, Lastkraftwagen, Baumaschinen und Maschinenbau sind wir stets auf die aktuellen Anforderungen unserer Kunden ausgerichtet und verstehen es, zuverl\u00e4ssig die Herausforderungen unserer Kunden mit schnellen, marktorientierten und qualit\u00e4tsbewussten L\u00f6sungen zu meistern. Profitieren auch Sie von dieser Erfahrung.<\/span><\/p>\n<p align=\"JUSTIFY\"><span style=\"font-family: Arial, serif;\">Gerne stellen wir uns Ihren Anforderungen und freuen uns, Ihnen ein Angebot unterbreiten zu d\u00fcrfen.<\/span><\/p>\n\n\t\t<\/div>\n\t<\/div>\n<\/div><\/div><\/div><div class=\"wpb_column vc_column_container vc_col-sm-4\"><div class=\"vc_column-inner\"><div class=\"wpb_wrapper\">\n\t<div  class=\"wpb_single_image wpb_content_element vc_align_left\">\n\t\t\n\t\t<figure class=\"wpb_wrapper vc_figure\">\n\t\t\t<div class=\"vc_single_image-wrapper   vc_box_border_grey\"><img loading=\"lazy\" decoding=\"async\" class=\"vc_single_image-img\" src=\"https:\/\/c-w-stolte.de\/wp-content\/uploads\/2015\/06\/IMG_1037-300x370.jpg\" width=\"300\" height=\"370\" alt=\"IMG_1037\" title=\"IMG_1037\" \/><\/div>\n\t\t<\/figure>\n\t<\/div>\n<\/div><\/div><\/div><div class=\"wpb_column vc_column_container vc_col-sm-12\"><div class=\"vc_column-inner\"><div class=\"wpb_wrapper\"><div class=\"vc_separator wpb_content_element vc_separator_align_center vc_sep_width_100 vc_sep_pos_align_center vc_separator_no_text vc_sep_color_grey\" ><span class=\"vc_sep_holder vc_sep_holder_l\"><span  class=\"vc_sep_line\"><\/span><\/span><span class=\"vc_sep_holder vc_sep_holder_r\"><span  class=\"vc_sep_line\"><\/span><\/span>\n<\/div><div class=\"vc_row wpb_row vc_inner vc_row-fluid\"><div class=\"wpb_column vc_column_container vc_col-sm-4\"><div class=\"vc_column-inner\"><div class=\"wpb_wrapper\">\n\t<div  class=\"wpb_single_image wpb_content_element vc_align_left\">\n\t\t\n\t\t<figure class=\"wpb_wrapper vc_figure\">\n\t\t\t<div class=\"vc_single_image-wrapper   vc_box_border_grey\"><img loading=\"lazy\" decoding=\"async\" class=\"vc_single_image-img\" src=\"https:\/\/c-w-stolte.de\/wp-content\/uploads\/2015\/06\/IMG_1044-300x200.png\" width=\"300\" height=\"200\" alt=\"IMG_1044\" title=\"IMG_1044\" \/><\/div>\n\t\t<\/figure>\n\t<\/div>\n<\/div><\/div><\/div><div class=\"wpb_column vc_column_container vc_col-sm-4\"><div class=\"vc_column-inner\"><div class=\"wpb_wrapper\">\n\t<div  class=\"wpb_single_image wpb_content_element vc_align_left\">\n\t\t\n\t\t<figure class=\"wpb_wrapper vc_figure\">\n\t\t\t<div class=\"vc_single_image-wrapper   vc_box_border_grey\"><img loading=\"lazy\" decoding=\"async\" class=\"vc_single_image-img\" src=\"https:\/\/c-w-stolte.de\/wp-content\/uploads\/2015\/06\/IMG_1045-300x200.png\" width=\"300\" height=\"200\" alt=\"IMG_1045\" title=\"IMG_1045\" \/><\/div>\n\t\t<\/figure>\n\t<\/div>\n<\/div><\/div><\/div><div class=\"wpb_column vc_column_container vc_col-sm-4\"><div class=\"vc_column-inner\"><div class=\"wpb_wrapper\">\n\t<div  class=\"wpb_single_image wpb_content_element vc_align_left\">\n\t\t\n\t\t<figure class=\"wpb_wrapper vc_figure\">\n\t\t\t<div class=\"vc_single_image-wrapper   vc_box_border_grey\"><img loading=\"lazy\" decoding=\"async\" class=\"vc_single_image-img\" src=\"https:\/\/c-w-stolte.de\/wp-content\/uploads\/2015\/06\/IMG_1050-300x200.png\" width=\"300\" height=\"200\" alt=\"IMG_1050\" title=\"IMG_1050\" \/><\/div>\n\t\t<\/figure>\n\t<\/div>\n<\/div><\/div><\/div><\/div><\/div><\/div><\/div><\/div><\/section>","protected":false},"excerpt":{"rendered":"Werkzeugs\u00e4tze und Werkzeugsortimente nach Kundenvorgaben Seit Jahrzehnten b\u00fcrgt der Name C.W. Stolte f\u00fcr die Realisierung individueller Kundenw\u00fcnsche. So sind wir nicht nur in der Lage, standardisierte<span class=\"excerpt-hellip\"> [\u2026]<\/span>","protected":false},"author":1,"featured_media":76,"parent":0,"menu_order":0,"comment_status":"open","ping_status":"open","template":"","meta":{"footnotes":""},"_links":{"self":[{"href":"https:\/\/c-w-stolte.de\/en\/wp-json\/wp\/v2\/pages\/37"}],"collection":[{"href":"https:\/\/c-w-stolte.de\/en\/wp-json\/wp\/v2\/pages"}],"about":[{"href":"https:\/\/c-w-stolte.de\/en\/wp-json\/wp\/v2\/types\/page"}],"author":[{"embeddable":true,"href":"https:\/\/c-w-stolte.de\/en\/wp-json\/wp\/v2\/users\/1"}],"replies":[{"embeddable":true,"href":"https:\/\/c-w-stolte.de\/en\/wp-json\/wp\/v2\/comments?post=37"}],"version-history":[{"count":11,"href":"https:\/\/c-w-stolte.de\/en\/wp-json\/wp\/v2\/pages\/37\/revisions"}],"predecessor-version":[{"id":310,"href":"https:\/\/c-w-stolte.de\/en\/wp-json\/wp\/v2\/pages\/37\/revisions\/310"}],"wp:featuredmedia":[{"embeddable":true,"href":"https:\/\/c-w-stolte.de\/en\/wp-json\/wp\/v2\/media\/76"}],"wp:attachment":[{"href":"https:\/\/c-w-stolte.de\/en\/wp-json\/wp\/v2\/media?parent=37"}],"curies":[{"name":"wp","href":"https:\/\/api.w.org\/{rel}","templated":true}]}}