{"id":39,"date":"2015-06-25T18:51:52","date_gmt":"2015-06-25T18:51:52","guid":{"rendered":"http:\/\/themes.muffingroup.com\/be\/agro\/?page_id=39"},"modified":"2018-01-01T19:58:34","modified_gmt":"2018-01-01T19:58:34","slug":"technology","status":"publish","type":"page","link":"https:\/\/c-w-stolte.de\/en\/technology","title":{"rendered":"Sonderanfertigung"},"content":{"rendered":"<div class=\"vc_row wpb_row vc_row-fluid\"><div class=\"wpb_column vc_column_container vc_col-sm-12\"><div class=\"vc_column-inner\"><div class=\"wpb_wrapper\"><div class=\"vc_empty_space\"   style=\"height: 32px\"><span class=\"vc_empty_space_inner\"><\/span><\/div><div class=\"vc_row wpb_row vc_inner vc_row-fluid\"><div class=\"wpb_column vc_column_container vc_col-sm-6\"><div class=\"vc_column-inner\"><div class=\"wpb_wrapper\">\n\t<div class=\"wpb_text_column wpb_content_element\" >\n\t\t<div class=\"wpb_wrapper\">\n\t\t\t<h4 align=\"JUSTIFY\"><span style=\"color: #f79646; font-family: arial, helvetica, sans-serif;\"><b>Sonderanfertigungen<\/b><\/span><\/h4>\n<p align=\"JUSTIFY\"><span style=\"font-family: arial, helvetica, sans-serif;\">Das Angebot an standardisiertem und normiertem Werkzeug allein kann die facettenreichen und komplexen Aufgabenstellungen in Produktion und Wartung nicht befriedigen. Meist schon in der Planung ergeben sich normabweichende Anforderungen an das ben\u00f6tigte Werkzeug. Mitunter ist es auch erst die Ausf\u00fchrung gestellter Aufgaben oder das Beheben von Problemen, welche ein am Markt nicht verf\u00fcgbares Werkzeug erfordern.<\/span><\/p>\n<p align=\"JUSTIFY\"><span style=\"font-family: arial, helvetica, sans-serif;\">Hier greift das Programm zur Realisierung von Sonderanfertigungen der Firma C.W. Stolte. In der Fertigung nach Zeichnung, Skizze oder Muster hat die Firma C.W. Stolte ein hohes Ma\u00df an Kompetenz und Know-how akkumuliert. Mit Hilfe unserer Partner offerieren wir Ihnen eine nahezu unbegrenzte Kombination aus zu verwendenden Werkstoffen und deren Oberfl\u00e4chen- und W\u00e4rmebehandlung.<\/span><\/p>\n\n\t\t<\/div>\n\t<\/div>\n<\/div><\/div><\/div><div class=\"wpb_column vc_column_container vc_col-sm-6\"><div class=\"vc_column-inner\"><div class=\"wpb_wrapper\"><div class=\"vc_empty_space\"   style=\"height: 7px\"><span class=\"vc_empty_space_inner\"><\/span><\/div>\n\t<div class=\"wpb_text_column wpb_content_element\" >\n\t\t<div class=\"wpb_wrapper\">\n\t\t\t<p align=\"JUSTIFY\"><span style=\"font-family: arial, helvetica, sans-serif;\">\u00dcberlange Stiftschl\u00fcssel, Spezialwerkzeuge und Teile f\u00fcr Maschinen, Sonderwerkzeuge f\u00fcr die Produktion oder Instandhaltung von PKW, LKW, Traktoren oder Baumaschinen oder nach Ihren Vorgaben geschmiedete Locheisen, diese Beispiele zur Zufriedenheit unserer Kunden ausgef\u00fchrter Auftr\u00e4ge verdeutlichen nur einen Ausschnitt der M\u00f6glichkeiten. Ob in Stahl, Aluminium, Kupfer, Messing oder Kunststoffen, der Materialauswahl sind fast keine Grenzen gesetzt. In der W\u00e4rmebehandlung erm\u00f6glichen wir das H\u00e4rten und Verg\u00fcten, das Einsatzh\u00e4rten und das Induktivh\u00e4rten, und die Oberfl\u00e4chen k\u00f6nnen mittels Galvanisieren, Phosphatieren, Br\u00fcnieren, Nasslackierung oder Pulverbeschichtung veredelt werden.<\/span><\/p>\n<p><a name=\"_GoBack\"><\/a><span style=\"font-family: arial, helvetica, sans-serif;\">Profitieren auch Sie von der Erfahrung der Firma C.W. Stolte in Sachen Sonderanfertigung von Werkzeugen nach Zeichnung, Skizze oder Muster.<\/span><\/p>\n\n\t\t<\/div>\n\t<\/div>\n<\/div><\/div><\/div><\/div><\/div><\/div><\/div><\/div><div class=\"vc_row wpb_row vc_row-fluid\"><div class=\"wpb_column vc_column_container vc_col-sm-12\"><div class=\"vc_column-inner\"><div class=\"wpb_wrapper\">\n<div class=\"vc_grid-container-wrapper vc_clearfix vc_grid-animation-fadeIn\">\n\t<div class=\"vc_grid-container vc_clearfix wpb_content_element vc_media_grid\" data-initial-loading-animation=\"fadeIn\" data-vc-grid-settings=\"{&quot;page_id&quot;:39,&quot;style&quot;:&quot;all&quot;,&quot;action&quot;:&quot;vc_get_vc_grid_data&quot;,&quot;shortcode_id&quot;:&quot;1514836682240-33d3162f-f8e6-7&quot;,&quot;tag&quot;:&quot;vc_media_grid&quot;}\" data-vc-request=\"https:\/\/c-w-stolte.de\/wp-admin\/admin-ajax.php\" data-vc-post-id=\"39\" data-vc-public-nonce=\"683f3d04fe\">\n\t\t\n\t<\/div>\n<\/div><\/div><\/div><\/div><\/div>","protected":false},"excerpt":{"rendered":"Sonderanfertigungen Das Angebot an standardisiertem und normiertem Werkzeug allein kann die facettenreichen und komplexen Aufgabenstellungen in Produktion und Wartung nicht befriedigen. Meist schon in der Planung<span class=\"excerpt-hellip\"> [\u2026]<\/span>","protected":false},"author":1,"featured_media":0,"parent":0,"menu_order":0,"comment_status":"open","ping_status":"open","template":"","meta":{"footnotes":""},"_links":{"self":[{"href":"https:\/\/c-w-stolte.de\/en\/wp-json\/wp\/v2\/pages\/39"}],"collection":[{"href":"https:\/\/c-w-stolte.de\/en\/wp-json\/wp\/v2\/pages"}],"about":[{"href":"https:\/\/c-w-stolte.de\/en\/wp-json\/wp\/v2\/types\/page"}],"author":[{"embeddable":true,"href":"https:\/\/c-w-stolte.de\/en\/wp-json\/wp\/v2\/users\/1"}],"replies":[{"embeddable":true,"href":"https:\/\/c-w-stolte.de\/en\/wp-json\/wp\/v2\/comments?post=39"}],"version-history":[{"count":10,"href":"https:\/\/c-w-stolte.de\/en\/wp-json\/wp\/v2\/pages\/39\/revisions"}],"predecessor-version":[{"id":324,"href":"https:\/\/c-w-stolte.de\/en\/wp-json\/wp\/v2\/pages\/39\/revisions\/324"}],"wp:attachment":[{"href":"https:\/\/c-w-stolte.de\/en\/wp-json\/wp\/v2\/media?parent=39"}],"curies":[{"name":"wp","href":"https:\/\/api.w.org\/{rel}","templated":true}]}}