{"id":41,"date":"2015-06-25T18:52:05","date_gmt":"2015-06-25T18:52:05","guid":{"rendered":"http:\/\/themes.muffingroup.com\/be\/agro\/?page_id=41"},"modified":"2018-01-24T14:27:28","modified_gmt":"2018-01-24T14:27:28","slug":"produktkennzeichnung","status":"publish","type":"page","link":"https:\/\/c-w-stolte.de\/en\/produktkennzeichnung","title":{"rendered":"Produktkennzeichnung"},"content":{"rendered":"<div class=\"vc_row wpb_row vc_row-fluid\"><div class=\"wpb_column vc_column_container vc_col-sm-12\"><div class=\"vc_column-inner\"><div class=\"wpb_wrapper\"><div class=\"vc_empty_space\"   style=\"height: 20px\"><span class=\"vc_empty_space_inner\"><\/span><\/div><\/div><\/div><\/div><\/div><div class=\"vc_row wpb_row vc_row-fluid\"><div class=\"wpb_column vc_column_container vc_col-sm-6\"><div class=\"vc_column-inner\"><div class=\"wpb_wrapper\"><div class=\"vc_separator wpb_content_element vc_separator_align_center vc_sep_width_100 vc_sep_pos_align_center vc_sep_color_grey vc_separator-has-text\" ><span class=\"vc_sep_holder vc_sep_holder_l\"><span  class=\"vc_sep_line\"><\/span><\/span><h4>Signierwerkzeuge<\/h4><span class=\"vc_sep_holder vc_sep_holder_r\"><span  class=\"vc_sep_line\"><\/span><\/span>\n<\/div><div class=\"vc_row wpb_row vc_inner vc_row-fluid\"><div class=\"wpb_column vc_column_container vc_col-sm-12\"><div class=\"vc_column-inner\"><div class=\"wpb_wrapper\">\n\t<div class=\"wpb_text_column wpb_content_element\" >\n\t\t<div class=\"wpb_wrapper\">\n\t\t\t<p align=\"JUSTIFY\"><span style=\"font-family: Arial, serif;\">Seit ihrem Bestehen hat sich die Firma C.W. Stolte eine besondere Expertise im Handel mit Signierwerkzeugen erworben. Durch die \u00dcbernahme der Firma C.W. Stolte im Jahre 2014 durch Herrn Adolf Meister konnte diese Expertise ausgebaut und der Prozess zwischen Kundenanfrage, Kundenauftrag und Auftragsauslieferung an den Kunden nochmals verbessert und somit verk\u00fcrzt werden. Hierbei steht der Name C.W. Stolte f\u00fcr herausragende Qualit\u00e4t in Material und Ausfertigung, sowie f\u00fcr ein breit gef\u00e4chertes Sortiment an Standardformaten und -s\u00e4tzen und insbesondere f\u00fcr nach Kundenwunsch gefertigte Sonderanfertigungen. Dies hat bereits einen breiten Kundenstamm davon \u00fcberzeugt, bei uns zu ordern.<\/span><\/p>\n<p align=\"JUSTIFY\"><span style=\"font-family: Arial, serif;\">An <\/span><span style=\"font-family: Arial, serif;\"><b>Standard-Handschlagstempels\u00e4tzen<\/b><\/span><span style=\"font-family: Arial, serif;\"> bietet die Firma C.W. Stolte die Typens\u00e4tze \u201eA-Z\u201c und \u201e0-9\u201c in Schrifth\u00f6hen von 1-20mm mit einer Festigkeit von bis zu 1300 N\/mm\u00b2. Die genannten S\u00e4tze sowie mehrstellige Stempel, z.B. zur Werkstoffkennzeichnung, liefern wir dar\u00fcber hinaus, auch in einer Qualit\u00e4t, die besonders hohen Anforderungen gen\u00fcgt. Ausf\u00fchrungen in Sonderl\u00e4ngen k\u00f6nnen ebenso gefertigt werden wie solche mit Schlagkopfverg\u00fctung. In der Regel sind Signierwerkzeuge mit einer Linksgravur versehen, so dass der Abdruck lesbar ist. Auf Ihren Wunsch k\u00f6nnen unsere Signierwerkzeuge aber auch mit einer Rechtsgravur, z.B. f\u00fcr den Gesenkbau, versehen werden. Die Gravuren werden in den unterschiedlichsten Ausf\u00fchrungen produziert, zu nennen w\u00e4ren beispielhaft spitz, fl\u00e4chig, mit Radien oder als Punktgravuren. Standardm\u00e4\u00dfig erfolgen Gravuren nach DIN 1451, aber selbstverst\u00e4ndlich fabrizieren wir unsere Stempel auch nach Ihren W\u00fcnschen in anderen oder unverwechselbarer Schriftarten, Sonderschriften oder nach jeder von Ihnen erstellten Vorlage. Ihr Wunsch ist unser Fertigungsbefehl.<\/span><\/p>\n<p align=\"JUSTIFY\"><span style=\"font-family: Arial, serif;\"><b>Pr\u00e4getypen<\/b><\/span><span style=\"font-family: Arial, serif;\"> f\u00fcr den Einsatz in Handschlag- oder Maschinentypenhaltern offerieren wir in fast jeder Ausf\u00fchrung. Ob mit oder ohne Nut, in L- oder T-Form, oder als Druck-, Abroll- oder Doppelpr\u00e4getypen, aus hoch legiertem Werkzeugstahl gefertigt und bis zu 60 HRC geh\u00e4rtet erf\u00fcllen unsere Pr\u00e4getypen die h\u00f6chsten Qualit\u00e4tsansp\u00fcche und decken mit Gravuren in spitz, flach, als Blocktext oder Einzeltype weitest m\u00f6gliche Anforderungen ab. In gleicher Qualit\u00e4t liefert die Firma C.W. Stolte Maschinenstempel mit Zeichnung oder Muster nach Ihren Vorgaben in den verschiedensten Ausf\u00fchrungen. Selbstverst\u00e4ndlich erhalten Sie bei uns auch die passenden <\/span><span style=\"font-family: Arial, serif;\"><b>Typenhalter<\/b><\/span><span style=\"font-family: Arial, serif;\">.<\/span><\/p>\n\n\t\t<\/div>\n\t<\/div>\n<\/div><\/div><\/div><\/div><\/div><\/div><\/div><div class=\"wpb_column vc_column_container vc_col-sm-6\"><div class=\"vc_column-inner\"><div class=\"wpb_wrapper\"><div class=\"vc_empty_space\"   style=\"height: 20px\"><span class=\"vc_empty_space_inner\"><\/span><\/div>\n\t<div class=\"wpb_text_column wpb_content_element\" >\n\t\t<div class=\"wpb_wrapper\">\n\t\t\t<p align=\"JUSTIFY\"><span style=\"font-family: Arial, serif;\">Ebenso f\u00fchrt die Firma C.W. Stolte eine breite Palette an <\/span><span style=\"font-family: Arial, serif;\"><b>Pr\u00e4gewerken:<\/b><\/span><\/p>\n<ol>\n<li>\n<p align=\"JUSTIFY\"><span style=\"font-family: Arial, serif;\">Von Hand einstellbares Nummerierpr\u00e4gewerk mit Stiftarretierung und Sichtzahlen; 2 \u2013 12stellig in Schrifth\u00f6hen von 2 \u2013 15mm.<\/span><\/p>\n<\/li>\n<li>\n<p align=\"JUSTIFY\"><span style=\"font-family: Arial, serif;\">Handschlagpr\u00e4gewerk mit Stiftarretierung und Hammergriff , 2- 10stellig in Schrifth\u00f6hen von 2 \u2013 12mm. Dieses Pr\u00e4gewerk bieten wir auch in einer Variante mit auswechselbarer Schlagklappe an, um im h\u00e4rtesten Einsatz zuverl\u00e4ssig bestehen zu k\u00f6nnen.<\/span><\/p>\n<\/li>\n<li>\n<p align=\"JUSTIFY\"><span style=\"font-family: Arial, serif;\">Von Hand einstellbare Pr\u00e4gewerke mit Federarretierung; 1 \u2013 25stellig (je nach Ziffernh\u00f6he) in Schrifth\u00f6hen von 1,6 \u2013 40mm.<\/span><\/p>\n<\/li>\n<li>\n<p align=\"JUSTIFY\"><span style=\"font-family: Arial, serif;\">\u00dcber Tasten verstellbare Pr\u00e4gewerke, bei denen die R\u00e4der \u00fcber Stelltasten weiter geschaltet werden.<\/span><\/p>\n<\/li>\n<li>\n<p align=\"JUSTIFY\"><span style=\"font-family: Arial, serif;\">Automatisch weiter schaltende Pr\u00e4gewerke mit bis zu 6 automatisch schaltenden Stellen.<\/span><\/p>\n<\/li>\n<li>\n<p align=\"JUSTIFY\"><span style=\"font-family: Arial, serif;\">Sonderanfertigungen f\u00fcr die unterschiedlichsten Einsatzgebiete und Anforderungen.<\/span><\/p>\n<\/li>\n<\/ol>\n<p align=\"JUSTIFY\"><span style=\"font-family: Arial, serif;\">Wenn das Pr\u00e4gewerk in einer Presse zum Einsatz kommt, versehen wir das Pr\u00e4gewerk mit einem Zapfen oder mit einer Gewindebohrung nach Ihren Spezifikationen.<\/span><\/p>\n<p align=\"JUSTIFY\"><span style=\"font-family: Arial, serif;\">Je nach Anzahl an Stellen und der gew\u00fcnschten Schrifth\u00f6he fabrizieren wir R\u00e4derstempelapparate in verschiedenen Baugruppen. Auch hier stehen Ihnen Gravuren in diversen Ausf\u00fchrungen zur Auswahl, z.B. Rechtsgravur, Radien-, Punkt- oder fl\u00e4chige Gravur. Als Standardgravur verwenden wir eine spitze Linksgravur.<\/span><\/p>\n<p><span style=\"font-family: Arial, serif;\">Sollten Sie Ihr Signierwerkzeug nicht gefunden haben, die Firma C.W. Stolte wird selbstverst\u00e4ndlich auch Ihre diesbez\u00fcgliche Anfrage zu Ihrer Zufriedenheit zur Ausf\u00fchrung bringen. <\/span><\/p>\n<p><a name=\"_GoBack\"><\/a><span style=\"font-family: Arial, serif;\">Denn das ist unser Leitspruch seit 1880.<\/span><\/p>\n\n\t\t<\/div>\n\t<\/div>\n<\/div><\/div><\/div><\/div>","protected":false},"excerpt":{"rendered":"Signierwerkzeuge Seit ihrem Bestehen hat sich die Firma C.W. Stolte eine besondere Expertise im Handel mit Signierwerkzeugen erworben. Durch die \u00dcbernahme der Firma C.W. Stolte im<span class=\"excerpt-hellip\"> [\u2026]<\/span>","protected":false},"author":1,"featured_media":77,"parent":0,"menu_order":0,"comment_status":"open","ping_status":"open","template":"","meta":{"footnotes":""},"_links":{"self":[{"href":"https:\/\/c-w-stolte.de\/en\/wp-json\/wp\/v2\/pages\/41"}],"collection":[{"href":"https:\/\/c-w-stolte.de\/en\/wp-json\/wp\/v2\/pages"}],"about":[{"href":"https:\/\/c-w-stolte.de\/en\/wp-json\/wp\/v2\/types\/page"}],"author":[{"embeddable":true,"href":"https:\/\/c-w-stolte.de\/en\/wp-json\/wp\/v2\/users\/1"}],"replies":[{"embeddable":true,"href":"https:\/\/c-w-stolte.de\/en\/wp-json\/wp\/v2\/comments?post=41"}],"version-history":[{"count":8,"href":"https:\/\/c-w-stolte.de\/en\/wp-json\/wp\/v2\/pages\/41\/revisions"}],"predecessor-version":[{"id":304,"href":"https:\/\/c-w-stolte.de\/en\/wp-json\/wp\/v2\/pages\/41\/revisions\/304"}],"wp:featuredmedia":[{"embeddable":true,"href":"https:\/\/c-w-stolte.de\/en\/wp-json\/wp\/v2\/media\/77"}],"wp:attachment":[{"href":"https:\/\/c-w-stolte.de\/en\/wp-json\/wp\/v2\/media?parent=41"}],"curies":[{"name":"wp","href":"https:\/\/api.w.org\/{rel}","templated":true}]}}